{"id":2402,"date":"2025-01-25T13:19:25","date_gmt":"2025-01-25T18:19:25","guid":{"rendered":"https:\/\/riopiedrafarm.com\/?page_id=2402"},"modified":"2025-04-18T11:59:03","modified_gmt":"2025-04-18T16:59:03","slug":"cookies-policy","status":"publish","type":"page","link":"https:\/\/riopiedrafarm.com\/en\/legal\/cookies-policy\/","title":{"rendered":"Cookies Policy"},"content":{"rendered":"\t\t<div data-elementor-type=\"wp-page\" data-elementor-id=\"2402\" class=\"elementor elementor-2402\">\n\t\t\t\t\t\t<section class=\"elementor-section elementor-top-section elementor-element elementor-element-5a04fd6 elementor-section-full_width elementor-section-height-min-height elementor-section-height-default elementor-section-items-middle\" data-id=\"5a04fd6\" data-element_type=\"section\" data-e-type=\"section\" data-settings=\"{&quot;background_background&quot;:&quot;classic&quot;}\">\n\t\t\t\t\t\t\t<div class=\"elementor-background-overlay\"><\/div>\n\t\t\t\t\t\t\t<div class=\"elementor-container elementor-column-gap-default\">\n\t\t\t\t\t<div class=\"elementor-column elementor-col-100 elementor-top-column elementor-element elementor-element-08c9d9c\" data-id=\"08c9d9c\" data-element_type=\"column\" data-e-type=\"column\">\n\t\t\t<div class=\"elementor-widget-wrap elementor-element-populated\">\n\t\t\t\t\t\t<div class=\"elementor-element elementor-element-29ca0cf elementor-widget elementor-widget-spacer\" data-id=\"29ca0cf\" data-element_type=\"widget\" data-e-type=\"widget\" data-widget_type=\"spacer.default\">\n\t\t\t\t<div class=\"elementor-widget-container\">\n\t\t\t\t\t\t\t<div class=\"elementor-spacer\">\n\t\t\t<div class=\"elementor-spacer-inner\"><\/div>\n\t\t<\/div>\n\t\t\t\t\t\t<\/div>\n\t\t\t\t<\/div>\n\t\t\t\t<div class=\"elementor-element elementor-element-bcda813 elementor-view-default elementor-position-top elementor-invisible elementor-widget elementor-widget-themo-header\" data-id=\"bcda813\" data-element_type=\"widget\" data-e-type=\"widget\" data-settings=\"{&quot;_animation&quot;:&quot;fadeIn&quot;}\" data-widget_type=\"themo-header.default\">\n\t\t\t\t<div class=\"elementor-widget-container\">\n\t\t\t\t\t\t\t<div class=\"th-header-wrap\">\n        <div class=\"elementor-icon-box-wrapper \">\n                            <div class=\"elementor-icon-box-content\">\n                    <h2 class=\"elementor-icon-box-title\">\n                        Cookies Policy                    <\/h2>\n                                        <p class=\"elementor-icon-box-description\"><\/p>\n\n                                    <\/div>\n            <\/div>\n\n        <\/div>\n\n\t\t\t\t\t\t<\/div>\n\t\t\t\t<\/div>\n\t\t\t\t\t<\/div>\n\t\t<\/div>\n\t\t\t\t\t<\/div>\n\t\t<\/section>\n\t\t\t\t<section class=\"elementor-section elementor-top-section elementor-element elementor-element-3afb3c6 elementor-section-boxed elementor-section-height-default elementor-section-height-default\" data-id=\"3afb3c6\" data-element_type=\"section\" data-e-type=\"section\">\n\t\t\t\t\t\t<div class=\"elementor-container elementor-column-gap-default\">\n\t\t\t\t\t<div class=\"elementor-column elementor-col-100 elementor-top-column elementor-element elementor-element-8026621\" data-id=\"8026621\" data-element_type=\"column\" data-e-type=\"column\">\n\t\t\t<div class=\"elementor-widget-wrap elementor-element-populated\">\n\t\t\t\t\t\t<div class=\"elementor-element elementor-element-e2dda2b elementor-widget elementor-widget-text-editor\" data-id=\"e2dda2b\" data-element_type=\"widget\" data-e-type=\"widget\" data-widget_type=\"text-editor.default\">\n\t\t\t\t<div class=\"elementor-widget-container\">\n\t\t\t\t\t\t\t\t\t<p class=\"dark-grey-color justified-alignment extra-medium-text\">We inform you that this website, like most sites on the Internet, uses\u00a0<em>\u201ccookies\u201d<\/em>\u00a0to improve and optimize the user experience. Below you will find detailed information about what\u00a0<em>\u201ccookies\u201d<\/em>\u00a0are, what type this website uses, how to change the settings of your\u00a0<em>\u201ccookies\u201d<\/em>, and what happens if you disable them.\u00a0<em>\u201ccookies\u201d<\/em>.<\/p><h5 class=\"green-text\"><strong>What are\u00a0<em>\u201ccookies\u201d<\/em>?<\/strong><\/h5><p class=\"dark-grey-color justified-alignment extra-medium-text\">A\u00a0<em>\u201ccookie\u201d<\/em>\u00a0is a small file that is downloaded to the user\u2019s computer for the purpose of storing data, which can be updated and recovered by the entity responsible for its installation. You can obtain more information by clicking\u00a0<a class=\"green-text\" href=\"https:\/\/riopiedrafarm.com\/en\/legal\/cookies-information\/\">here<\/a>.<\/p><h5 class=\"green-text\"><strong>What type of\u00a0<em>\u201ccookies\u201d<\/em>\u00a0does this website use?<\/strong><\/h5><p class=\"dark-grey-color justified-alignment extra-medium-text\">Below is a table with the\u00a0<em>\u201ccookies\u201d<\/em>\u00a0used on this website:<\/p><p>\n<table id=\"tablepress-2\" class=\"tablepress tablepress-id-2\">\n<thead>\n<tr class=\"row-1\">\n\t<th class=\"column-1\">Dominio<\/th><th class=\"column-2\">Cookie<\/th><th class=\"column-3\">Descripci\u00f3n<\/th><th class=\"column-4\">Proveedor<\/th><th class=\"column-5\">Caducidad<\/th>\n<\/tr>\n<\/thead>\n<tbody class=\"row-striping\">\n<tr class=\"row-2\">\n\t<td class=\"column-1\">www.riopiedrafarm.com<\/td><td class=\"column-2\">CookieLawInfoConsent<\/td><td class=\"column-3\">Almacenar el estado de consentimiento de cada categor\u00eda de cookies.<\/td><td class=\"column-4\">WebToffee<\/td><td class=\"column-5\">1 a\u00f1o<\/td>\n<\/tr>\n<tr class=\"row-3\">\n\t<td class=\"column-1\">www.riopiedrafarm.com<\/td><td class=\"column-2\">viewed_cookie_policy<\/td><td class=\"column-3\">Almacenar el consentimiento de usuario del uso de cookies.<\/td><td class=\"column-4\">WebToffee<\/td><td class=\"column-5\">1 a\u00f1o<\/td>\n<\/tr>\n<tr class=\"row-4\">\n\t<td class=\"column-1\">www.riopiedrafarm.com<\/td><td class=\"column-2\">cookielawinfo-checkbox-necesarias<\/td><td class=\"column-3\">Almacenar el estado de consentimiento de las cookies necesarias.<\/td><td class=\"column-4\">WebToffee<\/td><td class=\"column-5\">1 a\u00f1o<\/td>\n<\/tr>\n<tr class=\"row-5\">\n\t<td class=\"column-1\">www.riopiedrafarm.com<\/td><td class=\"column-2\">cookielawinfo-checkbox-funcionales<\/td><td class=\"column-3\">Almacenar el estado de consentimiento de las cookies funcionales.<\/td><td class=\"column-4\">WebToffee<\/td><td class=\"column-5\">1 a\u00f1o<\/td>\n<\/tr>\n<tr class=\"row-6\">\n\t<td class=\"column-1\">www.riopiedrafarm.com<\/td><td class=\"column-2\">cookielawinfo-checkbox-rendimiento<\/td><td class=\"column-3\">Almacenar el estado de consentimiento de las cookies de rendimiento.<\/td><td class=\"column-4\">WebToffee<\/td><td class=\"column-5\">1 a\u00f1o<\/td>\n<\/tr>\n<tr class=\"row-7\">\n\t<td class=\"column-1\">www.riopiedrafarm.com<\/td><td class=\"column-2\">cookielawinfo-checkbox-analiticas<\/td><td class=\"column-3\">Almacenar el estado de consentimiento de las cookies de an\u00e1lisis.<\/td><td class=\"column-4\">WebToffee<\/td><td class=\"column-5\">1 a\u00f1o<\/td>\n<\/tr>\n<tr class=\"row-8\">\n\t<td class=\"column-1\">www.riopiedrafarm.com<\/td><td class=\"column-2\">cookielawinfo-checkbox-publicidad<\/td><td class=\"column-3\">Almacenar el estado de consentimiento de las cookies de publicidad.<\/td><td class=\"column-4\">WebToffee<\/td><td class=\"column-5\">1 a\u00f1o<\/td>\n<\/tr>\n<tr class=\"row-9\">\n\t<td class=\"column-1\">www.riopiedrafarm.com<\/td><td class=\"column-2\">cookielawinfo-checkbox-otras<\/td><td class=\"column-3\">Almacenar el estado de consentimiento de otras cookies.<\/td><td class=\"column-4\">WebToffee<\/td><td class=\"column-5\">1 a\u00f1o<\/td>\n<\/tr>\n<tr class=\"row-10\">\n\t<td class=\"column-1\">www.riopiedrafarm.com<\/td><td class=\"column-2\">pll_language<\/td><td class=\"column-3\">La cookie almacena el c\u00f3digo de idioma de la \u00faltima p\u00e1gina navegada.<\/td><td class=\"column-4\">Polylang<\/td><td class=\"column-5\">1 a\u00f1o<\/td>\n<\/tr>\n<tr class=\"row-11\">\n\t<td class=\"column-1\">www.riopiedrafarm.com<\/td><td class=\"column-2\">PHPSESSID<\/td><td class=\"column-3\">La cookie se utiliza para almacenar e identificar la sesi\u00f3n \u00fanica de un usuario con el fin de administrar la sesi\u00f3n del usuario en el sitio web.<\/td><td class=\"column-4\">PHP<\/td><td class=\"column-5\">sesi\u00f3n<\/td>\n<\/tr>\n<tr class=\"row-12\">\n\t<td class=\"column-1\">www.google.com<\/td><td class=\"column-2\">_GRECAPTCHA<\/td><td class=\"column-3\">Protecci\u00f3n del sitio web contra spam en los formularios de contacto.<\/td><td class=\"column-4\">Google<\/td><td class=\"column-5\">6 meses<\/td>\n<\/tr>\n<\/tbody>\n<\/table>\n<\/p><h5>\u00a0<\/h5><h5 class=\"green-text\"><strong>How can you configure your\u00a0<em>\u201ccookies\u201d<\/em>?<\/strong><\/h5><p class=\"dark-grey-color justified-alignment extra-medium-text\">By browsing and continuing on our website you will be consenting to the use of\u00a0<em>\u201ccookies\u201d<\/em>\u00a0under the conditions contained in the present\u00a0<em><span class=\"green-text\"><strong>\u201cCookie Policy\u201d<\/strong><\/span><\/em>. You as a user have the possibility of exercising your right to block, delete and reject the use of\u00a0<em>\u201ccookies\u201d<\/em>, at any time, by modifying your browser options. For example:<\/p><ol class=\"dark-grey-color justified-alignment extra-medium-text\"><li><span class=\"green-text\"><strong>Internet Explorer<\/strong><\/span>:\u00a0<em>Tools &gt; Internet Options &gt; Privacy &gt; Configuration<\/em>. For more information, you can consult Microsoft support or browser Help.<\/li><\/ol><ol class=\"dark-grey-color justified-alignment extra-medium-text\" start=\"2\"><li><span class=\"green-text\"><strong>Mozilla Firefox<\/strong><\/span>:\u00a0<em>Tools &gt; Options &gt; Privacy &gt; History &gt; Custom Settings<\/em>. For more information, you can consult Mozilla support or browser Help.<\/li><\/ol><ol class=\"dark-grey-color justified-alignment extra-medium-text\" start=\"3\"><li><span class=\"green-text\"><strong>Google Chrome<\/strong><\/span>:\u00a0<em>Settings &gt; Show advanced options &gt; Privacy &gt; Content Settings<\/em>. For more information, you can consult Google support or browser Help.<\/li><\/ol><ol class=\"dark-grey-color justified-alignment extra-medium-text\" start=\"4\"><li><strong><span class=\"green-text\">Safari<\/span><\/strong>:\u00a0<em>Preferences &gt; Security<\/em>. For more information, you can consult Apple Support or Browser Help.<\/li><\/ol><ol class=\"dark-grey-color justified-alignment extra-medium-text\" start=\"5\"><li><span class=\"green-text\"><strong>Opera<\/strong><\/span>:\u00a0<em>Settings &gt; Options &gt; Advanced &gt; Cookies<\/em>. For more information, you can consult Opera support or browser Help.<\/li><\/ol><p class=\"dark-grey-color justified-alignment extra-medium-text small-title-margin\">If you use a browser other than the previous ones, consult its policy for the installation, use and blocking of\u00a0<em>\u201ccookies\u201d\u00a0<\/em>.<\/p><h5 class=\"green-text\"><strong>What happens if\u00a0<em>\u201ccookies\u201d<\/em>\u00a0are disabled?<\/strong><\/h5><p class=\"dark-grey-color justified-alignment extra-medium-text\">Some functionality of the\u00a0<em>\u201cServices\u201d<\/em>\u00a0or areas of this website may not function properly.<\/p><h5 class=\"green-text\"><strong>Have we updated our\u00a0<em>\u201cCookie Policy\u201d<\/em>?<\/strong><\/h5><p class=\"dark-grey-color justified-alignment extra-medium-text\">We may update the\u00a0<em><span class=\"green-text\"><strong>\u201cCookie Policy\u201d<\/strong>\u00a0<\/span><\/em>of our website, therefore, we recommend that you review this policy each time you access our website in order to be adequately informed about how and why we use the\u00a0<em>\u201ccookies\u201d.<\/em><\/p><p><strong>Last Update Date: 01\/01\/2025.<\/strong><\/p>\t\t\t\t\t\t\t\t<\/div>\n\t\t\t\t<\/div>\n\t\t\t\t\t<\/div>\n\t\t<\/div>\n\t\t\t\t\t<\/div>\n\t\t<\/section>\n\t\t\t\t<\/div>\n\t\t","protected":false},"excerpt":{"rendered":"<p>Cookies Policy We inform you that this website, like most sites on the Internet, uses\u00a0\u201ccookies\u201d\u00a0to improve and optimize the user experience. Below you will find detailed information about what\u00a0\u201ccookies\u201d\u00a0are, what type this website uses, how to change the settings of &hellip; <a href=\"https:\/\/riopiedrafarm.com\/en\/legal\/cookies-policy\/\">Read More<\/a><\/p>\n","protected":false},"author":2,"featured_media":0,"parent":0,"menu_order":0,"comment_status":"closed","ping_status":"closed","template":"","meta":{"_joinchat":[],"footnotes":""},"class_list":["post-2402","page","type-page","status-publish","hentry"],"_links":{"self":[{"href":"https:\/\/riopiedrafarm.com\/en\/wp-json\/wp\/v2\/pages\/2402","targetHints":{"allow":["GET"]}}],"collection":[{"href":"https:\/\/riopiedrafarm.com\/en\/wp-json\/wp\/v2\/pages"}],"about":[{"href":"https:\/\/riopiedrafarm.com\/en\/wp-json\/wp\/v2\/types\/page"}],"author":[{"embeddable":true,"href":"https:\/\/riopiedrafarm.com\/en\/wp-json\/wp\/v2\/users\/2"}],"replies":[{"embeddable":true,"href":"https:\/\/riopiedrafarm.com\/en\/wp-json\/wp\/v2\/comments?post=2402"}],"version-history":[{"count":13,"href":"https:\/\/riopiedrafarm.com\/en\/wp-json\/wp\/v2\/pages\/2402\/revisions"}],"predecessor-version":[{"id":4247,"href":"https:\/\/riopiedrafarm.com\/en\/wp-json\/wp\/v2\/pages\/2402\/revisions\/4247"}],"wp:attachment":[{"href":"https:\/\/riopiedrafarm.com\/en\/wp-json\/wp\/v2\/media?parent=2402"}],"curies":[{"name":"wp","href":"https:\/\/api.w.org\/{rel}","templated":true}]}}